{"id":87625,"date":"2025-03-25T15:05:51","date_gmt":"2025-03-25T13:05:51","guid":{"rendered":"https:\/\/qtmm.org\/dokumenty-organiv-derzhavnoyi-vlady-ukrayiny\/"},"modified":"2025-03-25T15:07:36","modified_gmt":"2025-03-25T13:07:36","slug":"ukrainanin-devlet-akimiyetinin-organlarinin-vesiqalari","status":"publish","type":"page","link":"https:\/\/qtmm.org\/qt\/ukrainanin-devlet-akimiyetinin-organlarinin-vesiqalari\/","title":{"rendered":"Ukrainan\u0131\u00f1 devlet akimiyetini\u00f1 organlar\u0131n\u0131\u00f1 vesiqalar\u0131"},"content":{"rendered":"","protected":true},"excerpt":{"rendered":"","protected":true},"author":10,"featured_media":0,"parent":0,"menu_order":0,"comment_status":"closed","ping_status":"closed","template":"documents-page-template.php","meta":{"inline_featured_image":false,"footnotes":""},"class_list":["post-87625","page","type-page","status-publish","post-password-required","hentry"],"acf":[],"yoast_head":"<!-- This site is optimized with the Yoast SEO plugin v27.2 - https:\/\/yoast.com\/product\/yoast-seo-wordpress\/ -->\n<title>Ukrainan\u0131\u00f1 devlet akimiyetini\u00f1 organlar\u0131n\u0131\u00f1 vesiqalar\u0131 - \u041c\u0435\u0434\u0436\u043b\u0456\u0441<\/title>\n<meta name=\"robots\" content=\"index, follow, max-snippet:-1, max-image-preview:large, max-video-preview:-1\" \/>\n<link rel=\"canonical\" href=\"https:\/\/qtmm.org\/qt\/ukrainanin-devlet-akimiyetinin-organlarinin-vesiqalari\/\" \/>\n<meta property=\"og:locale\" content=\"en_US\" \/>\n<meta property=\"og:type\" content=\"article\" \/>\n<meta property=\"og:title\" content=\"Ukrainan\u0131\u00f1 devlet akimiyetini\u00f1 organlar\u0131n\u0131\u00f1 vesiqalar\u0131 - \u041c\u0435\u0434\u0436\u043b\u0456\u0441\" \/>\n<meta property=\"og:description\" content=\"There is no excerpt because this is a protected post.\" \/>\n<meta property=\"og:url\" content=\"https:\/\/qtmm.org\/qt\/ukrainanin-devlet-akimiyetinin-organlarinin-vesiqalari\/\" \/>\n<meta property=\"og:site_name\" content=\"\u041c\u0435\u0434\u0436\u043b\u0456\u0441\" \/>\n<meta property=\"article:publisher\" content=\"https:\/\/www.facebook.com\/qtmm.info\/\" \/>\n<meta property=\"article:modified_time\" content=\"2025-03-25T13:07:36+00:00\" \/>\n<meta name=\"twitter:card\" content=\"summary_large_image\" \/>\n<script type=\"application\/ld+json\" class=\"yoast-schema-graph\">{\"@context\":\"https:\/\/schema.org\",\"@graph\":[{\"@type\":\"WebPage\",\"@id\":\"https:\/\/qtmm.org\/qt\/ukrainanin-devlet-akimiyetinin-organlarinin-vesiqalari\/\",\"url\":\"https:\/\/qtmm.org\/qt\/ukrainanin-devlet-akimiyetinin-organlarinin-vesiqalari\/\",\"name\":\"Ukrainan\u0131\u00f1 devlet akimiyetini\u00f1 organlar\u0131n\u0131\u00f1 vesiqalar\u0131 - \u041c\u0435\u0434\u0436\u043b\u0456\u0441\",\"isPartOf\":{\"@id\":\"https:\/\/qtmm.org\/qt\/#website\"},\"datePublished\":\"2025-03-25T13:05:51+00:00\",\"dateModified\":\"2025-03-25T13:07:36+00:00\",\"breadcrumb\":{\"@id\":\"https:\/\/qtmm.org\/qt\/ukrainanin-devlet-akimiyetinin-organlarinin-vesiqalari\/#breadcrumb\"},\"inLanguage\":\"qt\"},{\"@type\":\"WebSite\",\"@id\":\"https:\/\/qtmm.org\/qt\/#website\",\"url\":\"https:\/\/qtmm.org\/qt\/\",\"name\":\"\u041c\u0435\u0434\u0436\u043b\u0456\u0441\",\"description\":\"\",\"publisher\":{\"@id\":\"https:\/\/qtmm.org\/qt\/#organization\"},\"potentialAction\":[{\"@type\":\"SearchAction\",\"target\":{\"@type\":\"EntryPoint\",\"urlTemplate\":\"https:\/\/qtmm.org\/qt\/?s={search_term_string}\"},\"query-input\":{\"@type\":\"PropertyValueSpecification\",\"valueRequired\":true,\"valueName\":\"search_term_string\"}}],\"inLanguage\":\"qt\"},{\"@type\":\"Organization\",\"@id\":\"https:\/\/qtmm.org\/qt\/#organization\",\"name\":\"\u041c\u0435\u0434\u0436\u043b\u0456\u0441\",\"url\":\"https:\/\/qtmm.org\/qt\/\",\"logo\":{\"@type\":\"ImageObject\",\"inLanguage\":\"qt\",\"@id\":\"https:\/\/qtmm.org\/qt\/#\/schema\/logo\/image\/\",\"url\":\"https:\/\/qtmm.org\/wp-content\/uploads\/2024\/12\/ua-mejlis-logo-rgb.svg\",\"contentUrl\":\"https:\/\/qtmm.org\/wp-content\/uploads\/2024\/12\/ua-mejlis-logo-rgb.svg\",\"caption\":\"\u041c\u0435\u0434\u0436\u043b\u0456\u0441\"},\"image\":{\"@id\":\"https:\/\/qtmm.org\/qt\/#\/schema\/logo\/image\/\"},\"sameAs\":[\"https:\/\/www.facebook.com\/qtmm.info\/\"]}]}<\/script>\n<!-- \/ Yoast SEO plugin. -->","yoast_head_json":{"title":"Ukrainan\u0131\u00f1 devlet akimiyetini\u00f1 organlar\u0131n\u0131\u00f1 vesiqalar\u0131 - \u041c\u0435\u0434\u0436\u043b\u0456\u0441","robots":{"index":"index","follow":"follow","max-snippet":"max-snippet:-1","max-image-preview":"max-image-preview:large","max-video-preview":"max-video-preview:-1"},"canonical":"https:\/\/qtmm.org\/qt\/ukrainanin-devlet-akimiyetinin-organlarinin-vesiqalari\/","og_locale":"en_US","og_type":"article","og_title":"Ukrainan\u0131\u00f1 devlet akimiyetini\u00f1 organlar\u0131n\u0131\u00f1 vesiqalar\u0131 - \u041c\u0435\u0434\u0436\u043b\u0456\u0441","og_description":"There is no excerpt because this is a protected post.","og_url":"https:\/\/qtmm.org\/qt\/ukrainanin-devlet-akimiyetinin-organlarinin-vesiqalari\/","og_site_name":"\u041c\u0435\u0434\u0436\u043b\u0456\u0441","article_publisher":"https:\/\/www.facebook.com\/qtmm.info\/","article_modified_time":"2025-03-25T13:07:36+00:00","twitter_card":"summary_large_image","schema":{"@context":"https:\/\/schema.org","@graph":[{"@type":"WebPage","@id":"https:\/\/qtmm.org\/qt\/ukrainanin-devlet-akimiyetinin-organlarinin-vesiqalari\/","url":"https:\/\/qtmm.org\/qt\/ukrainanin-devlet-akimiyetinin-organlarinin-vesiqalari\/","name":"Ukrainan\u0131\u00f1 devlet akimiyetini\u00f1 organlar\u0131n\u0131\u00f1 vesiqalar\u0131 - \u041c\u0435\u0434\u0436\u043b\u0456\u0441","isPartOf":{"@id":"https:\/\/qtmm.org\/qt\/#website"},"datePublished":"2025-03-25T13:05:51+00:00","dateModified":"2025-03-25T13:07:36+00:00","breadcrumb":{"@id":"https:\/\/qtmm.org\/qt\/ukrainanin-devlet-akimiyetinin-organlarinin-vesiqalari\/#breadcrumb"},"inLanguage":"qt"},{"@type":"WebSite","@id":"https:\/\/qtmm.org\/qt\/#website","url":"https:\/\/qtmm.org\/qt\/","name":"\u041c\u0435\u0434\u0436\u043b\u0456\u0441","description":"","publisher":{"@id":"https:\/\/qtmm.org\/qt\/#organization"},"potentialAction":[{"@type":"SearchAction","target":{"@type":"EntryPoint","urlTemplate":"https:\/\/qtmm.org\/qt\/?s={search_term_string}"},"query-input":{"@type":"PropertyValueSpecification","valueRequired":true,"valueName":"search_term_string"}}],"inLanguage":"qt"},{"@type":"Organization","@id":"https:\/\/qtmm.org\/qt\/#organization","name":"\u041c\u0435\u0434\u0436\u043b\u0456\u0441","url":"https:\/\/qtmm.org\/qt\/","logo":{"@type":"ImageObject","inLanguage":"qt","@id":"https:\/\/qtmm.org\/qt\/#\/schema\/logo\/image\/","url":"https:\/\/qtmm.org\/wp-content\/uploads\/2024\/12\/ua-mejlis-logo-rgb.svg","contentUrl":"https:\/\/qtmm.org\/wp-content\/uploads\/2024\/12\/ua-mejlis-logo-rgb.svg","caption":"\u041c\u0435\u0434\u0436\u043b\u0456\u0441"},"image":{"@id":"https:\/\/qtmm.org\/qt\/#\/schema\/logo\/image\/"},"sameAs":["https:\/\/www.facebook.com\/qtmm.info\/"]}]}},"_links":{"self":[{"href":"https:\/\/qtmm.org\/qt\/wp-json\/wp\/v2\/pages\/87625","targetHints":{"allow":["GET"]}}],"collection":[{"href":"https:\/\/qtmm.org\/qt\/wp-json\/wp\/v2\/pages"}],"about":[{"href":"https:\/\/qtmm.org\/qt\/wp-json\/wp\/v2\/types\/page"}],"author":[{"embeddable":true,"href":"https:\/\/qtmm.org\/qt\/wp-json\/wp\/v2\/users\/10"}],"replies":[{"embeddable":true,"href":"https:\/\/qtmm.org\/qt\/wp-json\/wp\/v2\/comments?post=87625"}],"version-history":[{"count":1,"href":"https:\/\/qtmm.org\/qt\/wp-json\/wp\/v2\/pages\/87625\/revisions"}],"predecessor-version":[{"id":87627,"href":"https:\/\/qtmm.org\/qt\/wp-json\/wp\/v2\/pages\/87625\/revisions\/87627"}],"wp:attachment":[{"href":"https:\/\/qtmm.org\/qt\/wp-json\/wp\/v2\/media?parent=87625"}],"curies":[{"name":"wp","href":"https:\/\/api.w.org\/{rel}","templated":true}]}}