{"id":86692,"date":"2025-02-23T17:17:39","date_gmt":"2025-02-23T15:17:39","guid":{"rendered":"https:\/\/qtmm.org\/?page_id=86692"},"modified":"2025-02-24T17:06:34","modified_gmt":"2025-02-24T15:06:34","slug":"isgalnin-hronikasi","status":"publish","type":"page","link":"https:\/\/qtmm.org\/qt\/isgalnin-hronikasi\/","title":{"rendered":"\u0130\u015f\u011falni\u00f1 hronikas\u0131"},"content":{"rendered":"","protected":false},"excerpt":{"rendered":"","protected":false},"author":10,"featured_media":0,"parent":0,"menu_order":0,"comment_status":"closed","ping_status":"closed","template":"about-page-template.php","meta":{"inline_featured_image":false,"footnotes":""},"class_list":["post-86692","page","type-page","status-publish","hentry"],"acf":[],"yoast_head":"<!-- This site is optimized with the Yoast SEO plugin v27.2 - https:\/\/yoast.com\/product\/yoast-seo-wordpress\/ -->\n<title>\u0130\u015f\u011falni\u00f1 hronikas\u0131 - \u041c\u0435\u0434\u0436\u043b\u0456\u0441<\/title>\n<meta name=\"description\" content=\"2014 senesi ki\u00e7ik ayn\u0131\u00f1 20 k\u00fcn\u00fc \u2013 sil\u00e2l\u0131 istil\u00e2 ba\u015fla\u011fan k\u00fcn\u00fc, RF Sil\u00e2l\u0131 quvetlerini\u00f1 Keri\u00e7 bo\u011faz\u0131 rayon\u0131nda Ukraina devlet s\u0131\u00f1\u0131r\u0131n\u0131 qanuns\u0131z ke\u00e7\u00fcvi ve Q\u0131r\u0131mdaki arbiy b\u00f6l\u00fcklerini ukrain arbiy q\u0131s\u0131mlar\u0131n\u0131 blok etmek i\u00e7\u00fcn qullanuv\u0131 qayd etilgen edi.\" \/>\n<meta name=\"robots\" content=\"index, follow, max-snippet:-1, max-image-preview:large, max-video-preview:-1\" \/>\n<link rel=\"canonical\" href=\"https:\/\/qtmm.org\/qt\/isgalnin-hronikasi\/\" \/>\n<meta property=\"og:locale\" content=\"en_US\" \/>\n<meta property=\"og:type\" content=\"article\" \/>\n<meta property=\"og:title\" content=\"\u0130\u015f\u011falni\u00f1 hronikas\u0131 - \u041c\u0435\u0434\u0436\u043b\u0456\u0441\" \/>\n<meta property=\"og:description\" content=\"2014 senesi ki\u00e7ik ayn\u0131\u00f1 20 k\u00fcn\u00fc \u2013 sil\u00e2l\u0131 istil\u00e2 ba\u015fla\u011fan k\u00fcn\u00fc, RF Sil\u00e2l\u0131 quvetlerini\u00f1 Keri\u00e7 bo\u011faz\u0131 rayon\u0131nda Ukraina devlet s\u0131\u00f1\u0131r\u0131n\u0131 qanuns\u0131z ke\u00e7\u00fcvi ve Q\u0131r\u0131mdaki arbiy b\u00f6l\u00fcklerini ukrain arbiy q\u0131s\u0131mlar\u0131n\u0131 blok etmek i\u00e7\u00fcn qullanuv\u0131 qayd etilgen edi.\" \/>\n<meta property=\"og:url\" content=\"https:\/\/qtmm.org\/qt\/isgalnin-hronikasi\/\" \/>\n<meta property=\"og:site_name\" content=\"\u041c\u0435\u0434\u0436\u043b\u0456\u0441\" \/>\n<meta property=\"article:publisher\" content=\"https:\/\/www.facebook.com\/qtmm.info\/\" \/>\n<meta property=\"article:modified_time\" content=\"2025-02-24T15:06:34+00:00\" \/>\n<meta name=\"twitter:card\" content=\"summary_large_image\" \/>\n<script type=\"application\/ld+json\" class=\"yoast-schema-graph\">{\"@context\":\"https:\/\/schema.org\",\"@graph\":[{\"@type\":\"WebPage\",\"@id\":\"https:\/\/qtmm.org\/qt\/isgalnin-hronikasi\/\",\"url\":\"https:\/\/qtmm.org\/qt\/isgalnin-hronikasi\/\",\"name\":\"\u0130\u015f\u011falni\u00f1 hronikas\u0131 - \u041c\u0435\u0434\u0436\u043b\u0456\u0441\",\"isPartOf\":{\"@id\":\"https:\/\/qtmm.org\/qt\/#website\"},\"datePublished\":\"2025-02-23T15:17:39+00:00\",\"dateModified\":\"2025-02-24T15:06:34+00:00\",\"description\":\"2014 senesi ki\u00e7ik ayn\u0131\u00f1 20 k\u00fcn\u00fc \u2013 sil\u00e2l\u0131 istil\u00e2 ba\u015fla\u011fan k\u00fcn\u00fc, RF Sil\u00e2l\u0131 quvetlerini\u00f1 Keri\u00e7 bo\u011faz\u0131 rayon\u0131nda Ukraina devlet s\u0131\u00f1\u0131r\u0131n\u0131 qanuns\u0131z ke\u00e7\u00fcvi ve Q\u0131r\u0131mdaki arbiy b\u00f6l\u00fcklerini ukrain arbiy q\u0131s\u0131mlar\u0131n\u0131 blok etmek i\u00e7\u00fcn qullanuv\u0131 qayd etilgen edi.\",\"breadcrumb\":{\"@id\":\"https:\/\/qtmm.org\/qt\/isgalnin-hronikasi\/#breadcrumb\"},\"inLanguage\":\"qt\",\"potentialAction\":[{\"@type\":\"ReadAction\",\"target\":[\"https:\/\/qtmm.org\/qt\/isgalnin-hronikasi\/\"]}]},{\"@type\":\"BreadcrumbList\",\"@id\":\"https:\/\/qtmm.org\/qt\/isgalnin-hronikasi\/#breadcrumb\",\"itemListElement\":[{\"@type\":\"ListItem\",\"position\":1,\"name\":\"\u0413\u043e\u043b\u043e\u0432\u043d\u0430\",\"item\":\"https:\/\/qtmm.org\/qt\/\"},{\"@type\":\"ListItem\",\"position\":2,\"name\":\"\u0130\u015f\u011falni\u00f1 hronikas\u0131\"}]},{\"@type\":\"WebSite\",\"@id\":\"https:\/\/qtmm.org\/qt\/#website\",\"url\":\"https:\/\/qtmm.org\/qt\/\",\"name\":\"\u041c\u0435\u0434\u0436\u043b\u0456\u0441\",\"description\":\"\",\"publisher\":{\"@id\":\"https:\/\/qtmm.org\/qt\/#organization\"},\"potentialAction\":[{\"@type\":\"SearchAction\",\"target\":{\"@type\":\"EntryPoint\",\"urlTemplate\":\"https:\/\/qtmm.org\/qt\/?s={search_term_string}\"},\"query-input\":{\"@type\":\"PropertyValueSpecification\",\"valueRequired\":true,\"valueName\":\"search_term_string\"}}],\"inLanguage\":\"qt\"},{\"@type\":\"Organization\",\"@id\":\"https:\/\/qtmm.org\/qt\/#organization\",\"name\":\"\u041c\u0435\u0434\u0436\u043b\u0456\u0441\",\"url\":\"https:\/\/qtmm.org\/qt\/\",\"logo\":{\"@type\":\"ImageObject\",\"inLanguage\":\"qt\",\"@id\":\"https:\/\/qtmm.org\/qt\/#\/schema\/logo\/image\/\",\"url\":\"https:\/\/qtmm.org\/wp-content\/uploads\/2024\/12\/ua-mejlis-logo-rgb.svg\",\"contentUrl\":\"https:\/\/qtmm.org\/wp-content\/uploads\/2024\/12\/ua-mejlis-logo-rgb.svg\",\"caption\":\"\u041c\u0435\u0434\u0436\u043b\u0456\u0441\"},\"image\":{\"@id\":\"https:\/\/qtmm.org\/qt\/#\/schema\/logo\/image\/\"},\"sameAs\":[\"https:\/\/www.facebook.com\/qtmm.info\/\"]}]}<\/script>\n<!-- \/ Yoast SEO plugin. -->","yoast_head_json":{"title":"\u0130\u015f\u011falni\u00f1 hronikas\u0131 - \u041c\u0435\u0434\u0436\u043b\u0456\u0441","description":"2014 senesi ki\u00e7ik ayn\u0131\u00f1 20 k\u00fcn\u00fc \u2013 sil\u00e2l\u0131 istil\u00e2 ba\u015fla\u011fan k\u00fcn\u00fc, RF Sil\u00e2l\u0131 quvetlerini\u00f1 Keri\u00e7 bo\u011faz\u0131 rayon\u0131nda Ukraina devlet s\u0131\u00f1\u0131r\u0131n\u0131 qanuns\u0131z ke\u00e7\u00fcvi ve Q\u0131r\u0131mdaki arbiy b\u00f6l\u00fcklerini ukrain arbiy q\u0131s\u0131mlar\u0131n\u0131 blok etmek i\u00e7\u00fcn qullanuv\u0131 qayd etilgen edi.","robots":{"index":"index","follow":"follow","max-snippet":"max-snippet:-1","max-image-preview":"max-image-preview:large","max-video-preview":"max-video-preview:-1"},"canonical":"https:\/\/qtmm.org\/qt\/isgalnin-hronikasi\/","og_locale":"en_US","og_type":"article","og_title":"\u0130\u015f\u011falni\u00f1 hronikas\u0131 - \u041c\u0435\u0434\u0436\u043b\u0456\u0441","og_description":"2014 senesi ki\u00e7ik ayn\u0131\u00f1 20 k\u00fcn\u00fc \u2013 sil\u00e2l\u0131 istil\u00e2 ba\u015fla\u011fan k\u00fcn\u00fc, RF Sil\u00e2l\u0131 quvetlerini\u00f1 Keri\u00e7 bo\u011faz\u0131 rayon\u0131nda Ukraina devlet s\u0131\u00f1\u0131r\u0131n\u0131 qanuns\u0131z ke\u00e7\u00fcvi ve Q\u0131r\u0131mdaki arbiy b\u00f6l\u00fcklerini ukrain arbiy q\u0131s\u0131mlar\u0131n\u0131 blok etmek i\u00e7\u00fcn qullanuv\u0131 qayd etilgen edi.","og_url":"https:\/\/qtmm.org\/qt\/isgalnin-hronikasi\/","og_site_name":"\u041c\u0435\u0434\u0436\u043b\u0456\u0441","article_publisher":"https:\/\/www.facebook.com\/qtmm.info\/","article_modified_time":"2025-02-24T15:06:34+00:00","twitter_card":"summary_large_image","schema":{"@context":"https:\/\/schema.org","@graph":[{"@type":"WebPage","@id":"https:\/\/qtmm.org\/qt\/isgalnin-hronikasi\/","url":"https:\/\/qtmm.org\/qt\/isgalnin-hronikasi\/","name":"\u0130\u015f\u011falni\u00f1 hronikas\u0131 - \u041c\u0435\u0434\u0436\u043b\u0456\u0441","isPartOf":{"@id":"https:\/\/qtmm.org\/qt\/#website"},"datePublished":"2025-02-23T15:17:39+00:00","dateModified":"2025-02-24T15:06:34+00:00","description":"2014 senesi ki\u00e7ik ayn\u0131\u00f1 20 k\u00fcn\u00fc \u2013 sil\u00e2l\u0131 istil\u00e2 ba\u015fla\u011fan k\u00fcn\u00fc, RF Sil\u00e2l\u0131 quvetlerini\u00f1 Keri\u00e7 bo\u011faz\u0131 rayon\u0131nda Ukraina devlet s\u0131\u00f1\u0131r\u0131n\u0131 qanuns\u0131z ke\u00e7\u00fcvi ve Q\u0131r\u0131mdaki arbiy b\u00f6l\u00fcklerini ukrain arbiy q\u0131s\u0131mlar\u0131n\u0131 blok etmek i\u00e7\u00fcn qullanuv\u0131 qayd etilgen edi.","breadcrumb":{"@id":"https:\/\/qtmm.org\/qt\/isgalnin-hronikasi\/#breadcrumb"},"inLanguage":"qt","potentialAction":[{"@type":"ReadAction","target":["https:\/\/qtmm.org\/qt\/isgalnin-hronikasi\/"]}]},{"@type":"BreadcrumbList","@id":"https:\/\/qtmm.org\/qt\/isgalnin-hronikasi\/#breadcrumb","itemListElement":[{"@type":"ListItem","position":1,"name":"\u0413\u043e\u043b\u043e\u0432\u043d\u0430","item":"https:\/\/qtmm.org\/qt\/"},{"@type":"ListItem","position":2,"name":"\u0130\u015f\u011falni\u00f1 hronikas\u0131"}]},{"@type":"WebSite","@id":"https:\/\/qtmm.org\/qt\/#website","url":"https:\/\/qtmm.org\/qt\/","name":"\u041c\u0435\u0434\u0436\u043b\u0456\u0441","description":"","publisher":{"@id":"https:\/\/qtmm.org\/qt\/#organization"},"potentialAction":[{"@type":"SearchAction","target":{"@type":"EntryPoint","urlTemplate":"https:\/\/qtmm.org\/qt\/?s={search_term_string}"},"query-input":{"@type":"PropertyValueSpecification","valueRequired":true,"valueName":"search_term_string"}}],"inLanguage":"qt"},{"@type":"Organization","@id":"https:\/\/qtmm.org\/qt\/#organization","name":"\u041c\u0435\u0434\u0436\u043b\u0456\u0441","url":"https:\/\/qtmm.org\/qt\/","logo":{"@type":"ImageObject","inLanguage":"qt","@id":"https:\/\/qtmm.org\/qt\/#\/schema\/logo\/image\/","url":"https:\/\/qtmm.org\/wp-content\/uploads\/2024\/12\/ua-mejlis-logo-rgb.svg","contentUrl":"https:\/\/qtmm.org\/wp-content\/uploads\/2024\/12\/ua-mejlis-logo-rgb.svg","caption":"\u041c\u0435\u0434\u0436\u043b\u0456\u0441"},"image":{"@id":"https:\/\/qtmm.org\/qt\/#\/schema\/logo\/image\/"},"sameAs":["https:\/\/www.facebook.com\/qtmm.info\/"]}]}},"_links":{"self":[{"href":"https:\/\/qtmm.org\/qt\/wp-json\/wp\/v2\/pages\/86692","targetHints":{"allow":["GET"]}}],"collection":[{"href":"https:\/\/qtmm.org\/qt\/wp-json\/wp\/v2\/pages"}],"about":[{"href":"https:\/\/qtmm.org\/qt\/wp-json\/wp\/v2\/types\/page"}],"author":[{"embeddable":true,"href":"https:\/\/qtmm.org\/qt\/wp-json\/wp\/v2\/users\/10"}],"replies":[{"embeddable":true,"href":"https:\/\/qtmm.org\/qt\/wp-json\/wp\/v2\/comments?post=86692"}],"version-history":[{"count":6,"href":"https:\/\/qtmm.org\/qt\/wp-json\/wp\/v2\/pages\/86692\/revisions"}],"predecessor-version":[{"id":86879,"href":"https:\/\/qtmm.org\/qt\/wp-json\/wp\/v2\/pages\/86692\/revisions\/86879"}],"wp:attachment":[{"href":"https:\/\/qtmm.org\/qt\/wp-json\/wp\/v2\/media?parent=86692"}],"curies":[{"name":"wp","href":"https:\/\/api.w.org\/{rel}","templated":true}]}}