{"id":86588,"date":"2025-02-20T11:40:51","date_gmt":"2025-02-20T09:40:51","guid":{"rendered":"https:\/\/qtmm.org\/?page_id=86588"},"modified":"2025-03-06T17:12:53","modified_gmt":"2025-03-06T15:12:53","slug":"reberlik","status":"publish","type":"page","link":"https:\/\/qtmm.org\/qt\/reberlik\/","title":{"rendered":"Reberlik"},"content":{"rendered":"\n<p><a href=\"https:\/\/vitaliiradaiev.github.io\/Majlis\/dist\/leadership.html#\"><\/a><\/p>\n\n\n\n<p><\/p>\n","protected":false},"excerpt":{"rendered":"","protected":false},"author":10,"featured_media":0,"parent":0,"menu_order":0,"comment_status":"closed","ping_status":"closed","template":"leadership-page-template.php","meta":{"inline_featured_image":false,"footnotes":""},"class_list":["post-86588","page","type-page","status-publish","hentry"],"acf":[],"yoast_head":"<!-- This site is optimized with the Yoast SEO plugin v27.3 - https:\/\/yoast.com\/product\/yoast-seo-wordpress\/ -->\n<title>Reberlik - Meclis<\/title>\n<meta name=\"description\" content=\"2013 senesi orta k\u00fcz ay\u0131nda ol\u0131p ke\u00e7ken Qurultayda Meclisni\u00f1 \u015fimdiki terkibi sayland\u0131. Q\u0131r\u0131mtatar Milliy Meclisini\u00f1 Reisi Refat \u00c7ubarovd\u0131r. Muavinleri \u2013 Nariman Cel\u00e2l, \u0130lmi Umerov, Ahtem \u00c7iyg\u00f6z, Aslan \u00d6mer Q\u0131r\u0131ml\u0131.\" \/>\n<meta name=\"robots\" content=\"index, follow, max-snippet:-1, max-image-preview:large, max-video-preview:-1\" \/>\n<link rel=\"canonical\" href=\"https:\/\/qtmm.org\/qt\/reberlik\/\" \/>\n<meta property=\"og:locale\" content=\"en_US\" \/>\n<meta property=\"og:type\" content=\"article\" \/>\n<meta property=\"og:title\" content=\"Reberlik - Meclis\" \/>\n<meta property=\"og:description\" content=\"2013 senesi orta k\u00fcz ay\u0131nda ol\u0131p ke\u00e7ken Qurultayda Meclisni\u00f1 \u015fimdiki terkibi sayland\u0131. Q\u0131r\u0131mtatar Milliy Meclisini\u00f1 Reisi Refat \u00c7ubarovd\u0131r. Muavinleri \u2013 Nariman Cel\u00e2l, \u0130lmi Umerov, Ahtem \u00c7iyg\u00f6z, Aslan \u00d6mer Q\u0131r\u0131ml\u0131.\" \/>\n<meta property=\"og:url\" content=\"https:\/\/qtmm.org\/qt\/reberlik\/\" \/>\n<meta property=\"og:site_name\" content=\"\u041c\u0435\u0434\u0436\u043b\u0456\u0441\" \/>\n<meta property=\"article:publisher\" content=\"https:\/\/www.facebook.com\/qtmm.info\/\" \/>\n<meta property=\"article:modified_time\" content=\"2025-03-06T15:12:53+00:00\" \/>\n<meta name=\"twitter:card\" content=\"summary_large_image\" \/>\n<script type=\"application\/ld+json\" class=\"yoast-schema-graph\">{\"@context\":\"https:\\\/\\\/schema.org\",\"@graph\":[{\"@type\":\"WebPage\",\"@id\":\"https:\\\/\\\/qtmm.org\\\/qt\\\/reberlik\\\/\",\"url\":\"https:\\\/\\\/qtmm.org\\\/qt\\\/reberlik\\\/\",\"name\":\"Reberlik - Meclis\",\"isPartOf\":{\"@id\":\"https:\\\/\\\/qtmm.org\\\/qt\\\/#website\"},\"datePublished\":\"2025-02-20T09:40:51+00:00\",\"dateModified\":\"2025-03-06T15:12:53+00:00\",\"description\":\"2013 senesi orta k\u00fcz ay\u0131nda ol\u0131p ke\u00e7ken Qurultayda Meclisni\u00f1 \u015fimdiki terkibi sayland\u0131. Q\u0131r\u0131mtatar Milliy Meclisini\u00f1 Reisi Refat \u00c7ubarovd\u0131r. Muavinleri \u2013 Nariman Cel\u00e2l, \u0130lmi Umerov, Ahtem \u00c7iyg\u00f6z, Aslan \u00d6mer Q\u0131r\u0131ml\u0131.\",\"breadcrumb\":{\"@id\":\"https:\\\/\\\/qtmm.org\\\/qt\\\/reberlik\\\/#breadcrumb\"},\"inLanguage\":\"qt\",\"potentialAction\":[{\"@type\":\"ReadAction\",\"target\":[\"https:\\\/\\\/qtmm.org\\\/qt\\\/reberlik\\\/\"]}]},{\"@type\":\"BreadcrumbList\",\"@id\":\"https:\\\/\\\/qtmm.org\\\/qt\\\/reberlik\\\/#breadcrumb\",\"itemListElement\":[{\"@type\":\"ListItem\",\"position\":1,\"name\":\"\u0413\u043e\u043b\u043e\u0432\u043d\u0430\",\"item\":\"https:\\\/\\\/qtmm.org\\\/qt\\\/\"},{\"@type\":\"ListItem\",\"position\":2,\"name\":\"Reberlik\"}]},{\"@type\":\"WebSite\",\"@id\":\"https:\\\/\\\/qtmm.org\\\/qt\\\/#website\",\"url\":\"https:\\\/\\\/qtmm.org\\\/qt\\\/\",\"name\":\"\u041c\u0435\u0434\u0436\u043b\u0456\u0441\",\"description\":\"\",\"publisher\":{\"@id\":\"https:\\\/\\\/qtmm.org\\\/qt\\\/#organization\"},\"potentialAction\":[{\"@type\":\"SearchAction\",\"target\":{\"@type\":\"EntryPoint\",\"urlTemplate\":\"https:\\\/\\\/qtmm.org\\\/qt\\\/?s={search_term_string}\"},\"query-input\":{\"@type\":\"PropertyValueSpecification\",\"valueRequired\":true,\"valueName\":\"search_term_string\"}}],\"inLanguage\":\"qt\"},{\"@type\":\"Organization\",\"@id\":\"https:\\\/\\\/qtmm.org\\\/qt\\\/#organization\",\"name\":\"\u041c\u0435\u0434\u0436\u043b\u0456\u0441\",\"url\":\"https:\\\/\\\/qtmm.org\\\/qt\\\/\",\"logo\":{\"@type\":\"ImageObject\",\"inLanguage\":\"qt\",\"@id\":\"https:\\\/\\\/qtmm.org\\\/qt\\\/#\\\/schema\\\/logo\\\/image\\\/\",\"url\":\"https:\\\/\\\/qtmm.org\\\/wp-content\\\/uploads\\\/2024\\\/12\\\/ua-mejlis-logo-rgb.svg\",\"contentUrl\":\"https:\\\/\\\/qtmm.org\\\/wp-content\\\/uploads\\\/2024\\\/12\\\/ua-mejlis-logo-rgb.svg\",\"caption\":\"\u041c\u0435\u0434\u0436\u043b\u0456\u0441\"},\"image\":{\"@id\":\"https:\\\/\\\/qtmm.org\\\/qt\\\/#\\\/schema\\\/logo\\\/image\\\/\"},\"sameAs\":[\"https:\\\/\\\/www.facebook.com\\\/qtmm.info\\\/\"]}]}<\/script>\n<!-- \/ Yoast SEO plugin. -->","yoast_head_json":{"title":"Reberlik - Meclis","description":"2013 senesi orta k\u00fcz ay\u0131nda ol\u0131p ke\u00e7ken Qurultayda Meclisni\u00f1 \u015fimdiki terkibi sayland\u0131. Q\u0131r\u0131mtatar Milliy Meclisini\u00f1 Reisi Refat \u00c7ubarovd\u0131r. Muavinleri \u2013 Nariman Cel\u00e2l, \u0130lmi Umerov, Ahtem \u00c7iyg\u00f6z, Aslan \u00d6mer Q\u0131r\u0131ml\u0131.","robots":{"index":"index","follow":"follow","max-snippet":"max-snippet:-1","max-image-preview":"max-image-preview:large","max-video-preview":"max-video-preview:-1"},"canonical":"https:\/\/qtmm.org\/qt\/reberlik\/","og_locale":"en_US","og_type":"article","og_title":"Reberlik - Meclis","og_description":"2013 senesi orta k\u00fcz ay\u0131nda ol\u0131p ke\u00e7ken Qurultayda Meclisni\u00f1 \u015fimdiki terkibi sayland\u0131. Q\u0131r\u0131mtatar Milliy Meclisini\u00f1 Reisi Refat \u00c7ubarovd\u0131r. Muavinleri \u2013 Nariman Cel\u00e2l, \u0130lmi Umerov, Ahtem \u00c7iyg\u00f6z, Aslan \u00d6mer Q\u0131r\u0131ml\u0131.","og_url":"https:\/\/qtmm.org\/qt\/reberlik\/","og_site_name":"\u041c\u0435\u0434\u0436\u043b\u0456\u0441","article_publisher":"https:\/\/www.facebook.com\/qtmm.info\/","article_modified_time":"2025-03-06T15:12:53+00:00","twitter_card":"summary_large_image","schema":{"@context":"https:\/\/schema.org","@graph":[{"@type":"WebPage","@id":"https:\/\/qtmm.org\/qt\/reberlik\/","url":"https:\/\/qtmm.org\/qt\/reberlik\/","name":"Reberlik - Meclis","isPartOf":{"@id":"https:\/\/qtmm.org\/qt\/#website"},"datePublished":"2025-02-20T09:40:51+00:00","dateModified":"2025-03-06T15:12:53+00:00","description":"2013 senesi orta k\u00fcz ay\u0131nda ol\u0131p ke\u00e7ken Qurultayda Meclisni\u00f1 \u015fimdiki terkibi sayland\u0131. Q\u0131r\u0131mtatar Milliy Meclisini\u00f1 Reisi Refat \u00c7ubarovd\u0131r. Muavinleri \u2013 Nariman Cel\u00e2l, \u0130lmi Umerov, Ahtem \u00c7iyg\u00f6z, Aslan \u00d6mer Q\u0131r\u0131ml\u0131.","breadcrumb":{"@id":"https:\/\/qtmm.org\/qt\/reberlik\/#breadcrumb"},"inLanguage":"qt","potentialAction":[{"@type":"ReadAction","target":["https:\/\/qtmm.org\/qt\/reberlik\/"]}]},{"@type":"BreadcrumbList","@id":"https:\/\/qtmm.org\/qt\/reberlik\/#breadcrumb","itemListElement":[{"@type":"ListItem","position":1,"name":"\u0413\u043e\u043b\u043e\u0432\u043d\u0430","item":"https:\/\/qtmm.org\/qt\/"},{"@type":"ListItem","position":2,"name":"Reberlik"}]},{"@type":"WebSite","@id":"https:\/\/qtmm.org\/qt\/#website","url":"https:\/\/qtmm.org\/qt\/","name":"\u041c\u0435\u0434\u0436\u043b\u0456\u0441","description":"","publisher":{"@id":"https:\/\/qtmm.org\/qt\/#organization"},"potentialAction":[{"@type":"SearchAction","target":{"@type":"EntryPoint","urlTemplate":"https:\/\/qtmm.org\/qt\/?s={search_term_string}"},"query-input":{"@type":"PropertyValueSpecification","valueRequired":true,"valueName":"search_term_string"}}],"inLanguage":"qt"},{"@type":"Organization","@id":"https:\/\/qtmm.org\/qt\/#organization","name":"\u041c\u0435\u0434\u0436\u043b\u0456\u0441","url":"https:\/\/qtmm.org\/qt\/","logo":{"@type":"ImageObject","inLanguage":"qt","@id":"https:\/\/qtmm.org\/qt\/#\/schema\/logo\/image\/","url":"https:\/\/qtmm.org\/wp-content\/uploads\/2024\/12\/ua-mejlis-logo-rgb.svg","contentUrl":"https:\/\/qtmm.org\/wp-content\/uploads\/2024\/12\/ua-mejlis-logo-rgb.svg","caption":"\u041c\u0435\u0434\u0436\u043b\u0456\u0441"},"image":{"@id":"https:\/\/qtmm.org\/qt\/#\/schema\/logo\/image\/"},"sameAs":["https:\/\/www.facebook.com\/qtmm.info\/"]}]}},"_links":{"self":[{"href":"https:\/\/qtmm.org\/qt\/wp-json\/wp\/v2\/pages\/86588","targetHints":{"allow":["GET"]}}],"collection":[{"href":"https:\/\/qtmm.org\/qt\/wp-json\/wp\/v2\/pages"}],"about":[{"href":"https:\/\/qtmm.org\/qt\/wp-json\/wp\/v2\/types\/page"}],"author":[{"embeddable":true,"href":"https:\/\/qtmm.org\/qt\/wp-json\/wp\/v2\/users\/10"}],"replies":[{"embeddable":true,"href":"https:\/\/qtmm.org\/qt\/wp-json\/wp\/v2\/comments?post=86588"}],"version-history":[{"count":5,"href":"https:\/\/qtmm.org\/qt\/wp-json\/wp\/v2\/pages\/86588\/revisions"}],"predecessor-version":[{"id":86596,"href":"https:\/\/qtmm.org\/qt\/wp-json\/wp\/v2\/pages\/86588\/revisions\/86596"}],"wp:attachment":[{"href":"https:\/\/qtmm.org\/qt\/wp-json\/wp\/v2\/media?parent=86588"}],"curies":[{"name":"wp","href":"https:\/\/api.w.org\/{rel}","templated":true}]}}