{"id":78417,"date":"2025-03-23T17:47:58","date_gmt":"2025-03-23T15:47:58","guid":{"rendered":"https:\/\/qtmm.org\/3-kurultaj-1996\/"},"modified":"2025-03-23T17:48:47","modified_gmt":"2025-03-23T15:48:47","slug":"3-qurultay-1996","status":"publish","type":"page","link":"https:\/\/qtmm.org\/qt\/3-qurultay-1996\/","title":{"rendered":"\u0406\u0406\u0406 Qurultay (1996)"},"content":{"rendered":"","protected":false},"excerpt":{"rendered":"","protected":false},"author":10,"featured_media":0,"parent":0,"menu_order":0,"comment_status":"closed","ping_status":"closed","template":"about-page-template.php","meta":{"inline_featured_image":false,"footnotes":""},"class_list":["post-78417","page","type-page","status-publish","hentry"],"acf":[],"yoast_head":"<!-- This site is optimized with the Yoast SEO plugin v27.2 - https:\/\/yoast.com\/product\/yoast-seo-wordpress\/ -->\n<title>\u0406\u0406\u0406 Qurultay (1996) - Meclis<\/title>\n<meta name=\"description\" content=\"Q\u0131r\u0131mtatar halq\u0131 i\u00e7\u00fcn Qurultay \u2013 yuqar\u0131 amikiyetni\u00f1 ananeviy milliy intitut\u0131d\u0131r. \u00dc\u00e7\u00fcnci Qurultay 1996 senesi Aqmescitte ol\u0131p ke\u00e7ti\" \/>\n<meta name=\"robots\" content=\"index, follow, max-snippet:-1, max-image-preview:large, max-video-preview:-1\" \/>\n<link rel=\"canonical\" href=\"https:\/\/qtmm.org\/qt\/3-qurultay-1996\/\" \/>\n<meta property=\"og:locale\" content=\"en_US\" \/>\n<meta property=\"og:type\" content=\"article\" \/>\n<meta property=\"og:title\" content=\"\u0406\u0406\u0406 Qurultay (1996) - Meclis\" \/>\n<meta property=\"og:description\" content=\"Q\u0131r\u0131mtatar halq\u0131 i\u00e7\u00fcn Qurultay \u2013 yuqar\u0131 amikiyetni\u00f1 ananeviy milliy intitut\u0131d\u0131r. \u00dc\u00e7\u00fcnci Qurultay 1996 senesi Aqmescitte ol\u0131p ke\u00e7ti\" \/>\n<meta property=\"og:url\" content=\"https:\/\/qtmm.org\/qt\/3-qurultay-1996\/\" \/>\n<meta property=\"og:site_name\" content=\"\u041c\u0435\u0434\u0436\u043b\u0456\u0441\" \/>\n<meta property=\"article:publisher\" content=\"https:\/\/www.facebook.com\/qtmm.info\/\" \/>\n<meta property=\"article:modified_time\" content=\"2025-03-23T15:48:47+00:00\" \/>\n<meta name=\"twitter:card\" content=\"summary_large_image\" \/>\n<script type=\"application\/ld+json\" class=\"yoast-schema-graph\">{\"@context\":\"https:\/\/schema.org\",\"@graph\":[{\"@type\":\"WebPage\",\"@id\":\"https:\/\/qtmm.org\/qt\/3-qurultay-1996\/\",\"url\":\"https:\/\/qtmm.org\/qt\/3-qurultay-1996\/\",\"name\":\"\u0406\u0406\u0406 Qurultay (1996) - Meclis\",\"isPartOf\":{\"@id\":\"https:\/\/qtmm.org\/qt\/#website\"},\"datePublished\":\"2025-03-23T15:47:58+00:00\",\"dateModified\":\"2025-03-23T15:48:47+00:00\",\"description\":\"Q\u0131r\u0131mtatar halq\u0131 i\u00e7\u00fcn Qurultay \u2013 yuqar\u0131 amikiyetni\u00f1 ananeviy milliy intitut\u0131d\u0131r. \u00dc\u00e7\u00fcnci Qurultay 1996 senesi Aqmescitte ol\u0131p ke\u00e7ti\",\"breadcrumb\":{\"@id\":\"https:\/\/qtmm.org\/qt\/3-qurultay-1996\/#breadcrumb\"},\"inLanguage\":\"qt\",\"potentialAction\":[{\"@type\":\"ReadAction\",\"target\":[\"https:\/\/qtmm.org\/qt\/3-qurultay-1996\/\"]}]},{\"@type\":\"BreadcrumbList\",\"@id\":\"https:\/\/qtmm.org\/qt\/3-qurultay-1996\/#breadcrumb\",\"itemListElement\":[{\"@type\":\"ListItem\",\"position\":1,\"name\":\"\u0413\u043e\u043b\u043e\u0432\u043d\u0430\",\"item\":\"https:\/\/qtmm.org\/qt\/\"},{\"@type\":\"ListItem\",\"position\":2,\"name\":\"\u0406\u0406\u0406 Qurultay (1996)\"}]},{\"@type\":\"WebSite\",\"@id\":\"https:\/\/qtmm.org\/qt\/#website\",\"url\":\"https:\/\/qtmm.org\/qt\/\",\"name\":\"\u041c\u0435\u0434\u0436\u043b\u0456\u0441\",\"description\":\"\",\"publisher\":{\"@id\":\"https:\/\/qtmm.org\/qt\/#organization\"},\"potentialAction\":[{\"@type\":\"SearchAction\",\"target\":{\"@type\":\"EntryPoint\",\"urlTemplate\":\"https:\/\/qtmm.org\/qt\/?s={search_term_string}\"},\"query-input\":{\"@type\":\"PropertyValueSpecification\",\"valueRequired\":true,\"valueName\":\"search_term_string\"}}],\"inLanguage\":\"qt\"},{\"@type\":\"Organization\",\"@id\":\"https:\/\/qtmm.org\/qt\/#organization\",\"name\":\"\u041c\u0435\u0434\u0436\u043b\u0456\u0441\",\"url\":\"https:\/\/qtmm.org\/qt\/\",\"logo\":{\"@type\":\"ImageObject\",\"inLanguage\":\"qt\",\"@id\":\"https:\/\/qtmm.org\/qt\/#\/schema\/logo\/image\/\",\"url\":\"https:\/\/qtmm.org\/wp-content\/uploads\/2024\/12\/ua-mejlis-logo-rgb.svg\",\"contentUrl\":\"https:\/\/qtmm.org\/wp-content\/uploads\/2024\/12\/ua-mejlis-logo-rgb.svg\",\"caption\":\"\u041c\u0435\u0434\u0436\u043b\u0456\u0441\"},\"image\":{\"@id\":\"https:\/\/qtmm.org\/qt\/#\/schema\/logo\/image\/\"},\"sameAs\":[\"https:\/\/www.facebook.com\/qtmm.info\/\"]}]}<\/script>\n<!-- \/ Yoast SEO plugin. -->","yoast_head_json":{"title":"\u0406\u0406\u0406 Qurultay (1996) - Meclis","description":"Q\u0131r\u0131mtatar halq\u0131 i\u00e7\u00fcn Qurultay \u2013 yuqar\u0131 amikiyetni\u00f1 ananeviy milliy intitut\u0131d\u0131r. \u00dc\u00e7\u00fcnci Qurultay 1996 senesi Aqmescitte ol\u0131p ke\u00e7ti","robots":{"index":"index","follow":"follow","max-snippet":"max-snippet:-1","max-image-preview":"max-image-preview:large","max-video-preview":"max-video-preview:-1"},"canonical":"https:\/\/qtmm.org\/qt\/3-qurultay-1996\/","og_locale":"en_US","og_type":"article","og_title":"\u0406\u0406\u0406 Qurultay (1996) - Meclis","og_description":"Q\u0131r\u0131mtatar halq\u0131 i\u00e7\u00fcn Qurultay \u2013 yuqar\u0131 amikiyetni\u00f1 ananeviy milliy intitut\u0131d\u0131r. \u00dc\u00e7\u00fcnci Qurultay 1996 senesi Aqmescitte ol\u0131p ke\u00e7ti","og_url":"https:\/\/qtmm.org\/qt\/3-qurultay-1996\/","og_site_name":"\u041c\u0435\u0434\u0436\u043b\u0456\u0441","article_publisher":"https:\/\/www.facebook.com\/qtmm.info\/","article_modified_time":"2025-03-23T15:48:47+00:00","twitter_card":"summary_large_image","schema":{"@context":"https:\/\/schema.org","@graph":[{"@type":"WebPage","@id":"https:\/\/qtmm.org\/qt\/3-qurultay-1996\/","url":"https:\/\/qtmm.org\/qt\/3-qurultay-1996\/","name":"\u0406\u0406\u0406 Qurultay (1996) - Meclis","isPartOf":{"@id":"https:\/\/qtmm.org\/qt\/#website"},"datePublished":"2025-03-23T15:47:58+00:00","dateModified":"2025-03-23T15:48:47+00:00","description":"Q\u0131r\u0131mtatar halq\u0131 i\u00e7\u00fcn Qurultay \u2013 yuqar\u0131 amikiyetni\u00f1 ananeviy milliy intitut\u0131d\u0131r. \u00dc\u00e7\u00fcnci Qurultay 1996 senesi Aqmescitte ol\u0131p ke\u00e7ti","breadcrumb":{"@id":"https:\/\/qtmm.org\/qt\/3-qurultay-1996\/#breadcrumb"},"inLanguage":"qt","potentialAction":[{"@type":"ReadAction","target":["https:\/\/qtmm.org\/qt\/3-qurultay-1996\/"]}]},{"@type":"BreadcrumbList","@id":"https:\/\/qtmm.org\/qt\/3-qurultay-1996\/#breadcrumb","itemListElement":[{"@type":"ListItem","position":1,"name":"\u0413\u043e\u043b\u043e\u0432\u043d\u0430","item":"https:\/\/qtmm.org\/qt\/"},{"@type":"ListItem","position":2,"name":"\u0406\u0406\u0406 Qurultay (1996)"}]},{"@type":"WebSite","@id":"https:\/\/qtmm.org\/qt\/#website","url":"https:\/\/qtmm.org\/qt\/","name":"\u041c\u0435\u0434\u0436\u043b\u0456\u0441","description":"","publisher":{"@id":"https:\/\/qtmm.org\/qt\/#organization"},"potentialAction":[{"@type":"SearchAction","target":{"@type":"EntryPoint","urlTemplate":"https:\/\/qtmm.org\/qt\/?s={search_term_string}"},"query-input":{"@type":"PropertyValueSpecification","valueRequired":true,"valueName":"search_term_string"}}],"inLanguage":"qt"},{"@type":"Organization","@id":"https:\/\/qtmm.org\/qt\/#organization","name":"\u041c\u0435\u0434\u0436\u043b\u0456\u0441","url":"https:\/\/qtmm.org\/qt\/","logo":{"@type":"ImageObject","inLanguage":"qt","@id":"https:\/\/qtmm.org\/qt\/#\/schema\/logo\/image\/","url":"https:\/\/qtmm.org\/wp-content\/uploads\/2024\/12\/ua-mejlis-logo-rgb.svg","contentUrl":"https:\/\/qtmm.org\/wp-content\/uploads\/2024\/12\/ua-mejlis-logo-rgb.svg","caption":"\u041c\u0435\u0434\u0436\u043b\u0456\u0441"},"image":{"@id":"https:\/\/qtmm.org\/qt\/#\/schema\/logo\/image\/"},"sameAs":["https:\/\/www.facebook.com\/qtmm.info\/"]}]}},"_links":{"self":[{"href":"https:\/\/qtmm.org\/qt\/wp-json\/wp\/v2\/pages\/78417","targetHints":{"allow":["GET"]}}],"collection":[{"href":"https:\/\/qtmm.org\/qt\/wp-json\/wp\/v2\/pages"}],"about":[{"href":"https:\/\/qtmm.org\/qt\/wp-json\/wp\/v2\/types\/page"}],"author":[{"embeddable":true,"href":"https:\/\/qtmm.org\/qt\/wp-json\/wp\/v2\/users\/10"}],"replies":[{"embeddable":true,"href":"https:\/\/qtmm.org\/qt\/wp-json\/wp\/v2\/comments?post=78417"}],"version-history":[{"count":1,"href":"https:\/\/qtmm.org\/qt\/wp-json\/wp\/v2\/pages\/78417\/revisions"}],"predecessor-version":[{"id":87593,"href":"https:\/\/qtmm.org\/qt\/wp-json\/wp\/v2\/pages\/78417\/revisions\/87593"}],"wp:attachment":[{"href":"https:\/\/qtmm.org\/qt\/wp-json\/wp\/v2\/media?parent=78417"}],"curies":[{"name":"wp","href":"https:\/\/api.w.org\/{rel}","templated":true}]}}